{"id":125,"date":"2011-06-13T16:13:12","date_gmt":"2011-06-13T14:13:12","guid":{"rendered":"http:\/\/ralph-braun.com\/v2\/?page_id=125"},"modified":"2011-06-13T18:23:33","modified_gmt":"2011-06-13T16:23:33","slug":"orpheus-besprechung","status":"publish","type":"page","link":"https:\/\/ralph-braun.com\/?page_id=125","title":{"rendered":"Orpheus &#8211; Besprechung"},"content":{"rendered":"<p style=\"text-align: justify;\"><a href=\"https:\/\/ralph-braun.com\/wp-content\/uploads\/2011\/06\/np_kritik_simplicius.jpg\"><img loading=\"lazy\" decoding=\"async\" class=\"aligncenter size-full wp-image-122\" title=\"Simplicius\" src=\"https:\/\/ralph-braun.com\/wp-content\/uploads\/2011\/06\/np_kritik_simplicius.jpg\" alt=\"\" width=\"400\" height=\"238\" srcset=\"https:\/\/ralph-braun.com\/wp-content\/uploads\/2011\/06\/np_kritik_simplicius.jpg 400w, https:\/\/ralph-braun.com\/wp-content\/uploads\/2011\/06\/np_kritik_simplicius-300x178.jpg 300w\" sizes=\"auto, (max-width: 400px) 100vw, 400px\" \/><\/a><\/p>\n<p style=\"text-align: justify;\">Ralph Braun hatte eine neue, kritische Version der Strauss\u2019schen Oper(ette) \u201eSimplicius\u201c\u00a0(oben eine Szene LTC) zur Er\u00f6ffnung des Europ\u00e4ischen Johann Strauss B\u00fchnenwerke Festivals und zudem als deutsche Erstauff\u00fchrung (!) erstellt, die es an Spritzigkeit und Elan mehr als deutlich mit der Z\u00fcricher Auff\u00fchrung des damals recht bodenlastigen Werkes aufnehmen konnte. Alois Seidlmeier hatte die musikalische Leitung, die Produktion besorgten Spiritus rector Braun sowie Regisseur Sven Ruppert in der fabelhaften Beleuchtung von Peter H\u00f6rtner. Die Chorleitung (durchaus wichtig) lag bei Stefan Meier. In den Hauptrollen sangen und spielten (ebenfalls frech und deutlich beteiligt) William Wilson, Bj\u00f6rn Christian Kuhn, Martin Trepl, Stefanie Smits, Peter Sonn, Georg Heckel, Elga Mangold, Margaret Rose Koenn und viele andere. Offenbach gr\u00fc\u00dfte und alle hatten Spa\u00df. Wenn es der Platz erlaubt, folgt dazu in K\u00fcrze mehr \u2013 als Beitrag in der Reihe \u201eOperngeschichte\u201c.<\/p>\n","protected":false},"excerpt":{"rendered":"<p>Ralph Braun hatte eine neue, kritische Version der Strauss\u2019schen Oper(ette) \u201eSimplicius\u201c\u00a0(oben eine Szene LTC) zur Er\u00f6ffnung des Europ\u00e4ischen Johann Strauss B\u00fchnenwerke Festivals und zudem als deutsche Erstauff\u00fchrung (!) erstellt, die es an Spritzigkeit und Elan mehr als deutlich mit der &hellip; <a href=\"https:\/\/ralph-braun.com\/?page_id=125\">Weiterlesen <span class=\"meta-nav\">&rarr;<\/span><\/a><\/p>\n","protected":false},"author":1,"featured_media":0,"parent":113,"menu_order":0,"comment_status":"closed","ping_status":"open","template":"","meta":{"footnotes":""},"class_list":["post-125","page","type-page","status-publish","hentry"],"_links":{"self":[{"href":"https:\/\/ralph-braun.com\/index.php?rest_route=\/wp\/v2\/pages\/125","targetHints":{"allow":["GET"]}}],"collection":[{"href":"https:\/\/ralph-braun.com\/index.php?rest_route=\/wp\/v2\/pages"}],"about":[{"href":"https:\/\/ralph-braun.com\/index.php?rest_route=\/wp\/v2\/types\/page"}],"author":[{"embeddable":true,"href":"https:\/\/ralph-braun.com\/index.php?rest_route=\/wp\/v2\/users\/1"}],"replies":[{"embeddable":true,"href":"https:\/\/ralph-braun.com\/index.php?rest_route=%2Fwp%2Fv2%2Fcomments&post=125"}],"version-history":[{"count":2,"href":"https:\/\/ralph-braun.com\/index.php?rest_route=\/wp\/v2\/pages\/125\/revisions"}],"predecessor-version":[{"id":195,"href":"https:\/\/ralph-braun.com\/index.php?rest_route=\/wp\/v2\/pages\/125\/revisions\/195"}],"up":[{"embeddable":true,"href":"https:\/\/ralph-braun.com\/index.php?rest_route=\/wp\/v2\/pages\/113"}],"wp:attachment":[{"href":"https:\/\/ralph-braun.com\/index.php?rest_route=%2Fwp%2Fv2%2Fmedia&parent=125"}],"curies":[{"name":"wp","href":"https:\/\/api.w.org\/{rel}","templated":true}]}}