{"id":134,"date":"2011-06-13T16:21:46","date_gmt":"2011-06-13T14:21:46","guid":{"rendered":"http:\/\/ralph-braun.com\/v2\/?page_id=134"},"modified":"2020-03-07T11:41:25","modified_gmt":"2020-03-07T09:41:25","slug":"dank-dr-eduard-strauss","status":"publish","type":"page","link":"https:\/\/ralph-braun.com\/?page_id=134","title":{"rendered":"Dank &#8211; Dr. Eduard Strauss"},"content":{"rendered":"<p style=\"padding-left: 30px;\"><span style=\"color: #000000;\">Dr. Eduard Strauss \u2013 <\/span><span style=\"color: #000000;\">Wien, am 10. 7. 2004<\/span><\/p>\n<p style=\"text-align: justify;\"><span style=\"color: #000000;\">Sehr geehrter Herr Konzertmeister Braun!<\/span><br \/>\n<span style=\"color: #000000;\"> Nun ist die h\u00f6chst bemerkenswerte Auff\u00fchrungsserie des \u201eSimplicius\u201c, der 11. Oper(ette) meines Urgro\u00dfonkels Johann Strauss Sohn, im Landestheater Coburg ja leider fast schon wieder vorbei und so muss ich mich beeilen, Ihnen auch auf diesem Weg meinen innigen Dank f\u00fcr Ihre herausragende Leistung f\u00fcr die verantwortungsvolle Verbreitung der Musik meiner Familie zu sagen.<\/span><\/p>\n<p style=\"text-align: justify;\"><span style=\"color: #000000;\"> Aufgrund Ihrer jahrelangen eingehenden gediegenen Vorarbeit haben Sie gemeinsam mit dem h\u00f6chst motivierten, engagiert und mitrei\u00dfend spielenden Ensemble nicht nur die Intentionen dieser Oper(ette) f\u00fcr das Publikum klar verst\u00e4ndlich und leicht fassbar herausgearbeitet, sondern durch die Art der Pr\u00e4sentation auch neue gangbare Wege f\u00fcr eine ernsthafte Strauss-Rezeption in unserer Zeit gewiesen!<\/span><\/p>\n<p style=\"text-align: justify;\"><span style=\"color: #000000;\"> In dieser Weise k\u00f6nnte und sollte man sich \u2013 in Zeiten knapper Budgetmittel \u2013 in einfacher aber durchaus einpr\u00e4gsamer Form auch an die \u00fcbrigen, selten gespielten B\u00fchnenwerke von Johann Strauss Sohn heranwagen! So kommt das wohl Wichtigste, n\u00e4mlich die herrliche Musik besonders gut zur Geltung!<\/span><\/p>\n<p style=\"text-align: justify;\"><span style=\"color: #000000;\"> Es freut mich auch sehr, dass gerade diese Produktion die erste im Rahmen des von mir initiierten \u201eEurop\u00e4ischen Johann Strauss B\u00fchnenwerke Festivals (EJSF)\u201c ist! Es war ein fulminanter Start, der auch Ma\u00dfst\u00e4be gesetzt und zukunftsweisende Anregungen gebracht hat.<\/span><\/p>\n<p style=\"text-align: justify;\"><span style=\"color: #000000;\"> In dieser Art sollte es wirklich gelingen, das Ziel des EJSF zu verwirklichen und in einem absehbaren Zeitraum alle 17 B\u00fchnenwerke meines Urgro\u00dfonkels Johann Strauss Sohn dem Publikum ansprechend zu pr\u00e4sentieren!<\/span><br \/>\n<span style=\"color: #000000;\"> In diesem Sinn nochmals herzlichen Dank Ihnen und allen, die an dem beachtlichen und wegweisenden Erfolg des \u201eSimplicius\u201c in Coburg beteiligt waren<\/span><\/p>\n<p style=\"padding-left: 30px;\"><em>Ihr Eduard Strauss<\/em><\/p>\n","protected":false},"excerpt":{"rendered":"<p>Dr. Eduard Strauss \u2013 Wien, am 10. 7. 2004 Sehr geehrter Herr Konzertmeister Braun! Nun ist die h\u00f6chst bemerkenswerte Auff\u00fchrungsserie des \u201eSimplicius\u201c, der 11. Oper(ette) meines Urgro\u00dfonkels Johann Strauss Sohn, im Landestheater Coburg ja leider fast schon wieder vorbei und &hellip; <a href=\"https:\/\/ralph-braun.com\/?page_id=134\">Weiterlesen <span class=\"meta-nav\">&rarr;<\/span><\/a><\/p>\n","protected":false},"author":1,"featured_media":0,"parent":113,"menu_order":0,"comment_status":"closed","ping_status":"open","template":"","meta":{"footnotes":""},"class_list":["post-134","page","type-page","status-publish","hentry"],"_links":{"self":[{"href":"https:\/\/ralph-braun.com\/index.php?rest_route=\/wp\/v2\/pages\/134","targetHints":{"allow":["GET"]}}],"collection":[{"href":"https:\/\/ralph-braun.com\/index.php?rest_route=\/wp\/v2\/pages"}],"about":[{"href":"https:\/\/ralph-braun.com\/index.php?rest_route=\/wp\/v2\/types\/page"}],"author":[{"embeddable":true,"href":"https:\/\/ralph-braun.com\/index.php?rest_route=\/wp\/v2\/users\/1"}],"replies":[{"embeddable":true,"href":"https:\/\/ralph-braun.com\/index.php?rest_route=%2Fwp%2Fv2%2Fcomments&post=134"}],"version-history":[{"count":3,"href":"https:\/\/ralph-braun.com\/index.php?rest_route=\/wp\/v2\/pages\/134\/revisions"}],"predecessor-version":[{"id":21427,"href":"https:\/\/ralph-braun.com\/index.php?rest_route=\/wp\/v2\/pages\/134\/revisions\/21427"}],"up":[{"embeddable":true,"href":"https:\/\/ralph-braun.com\/index.php?rest_route=\/wp\/v2\/pages\/113"}],"wp:attachment":[{"href":"https:\/\/ralph-braun.com\/index.php?rest_route=%2Fwp%2Fv2%2Fmedia&parent=134"}],"curies":[{"name":"wp","href":"https:\/\/api.w.org\/{rel}","templated":true}]}}