{"id":43,"date":"2011-06-13T13:50:11","date_gmt":"2011-06-13T11:50:11","guid":{"rendered":"http:\/\/ralph-braun.com\/v2\/?page_id=43"},"modified":"2012-08-29T04:34:17","modified_gmt":"2012-08-29T02:34:17","slug":"musikalischer-kulturaustausch-portugal-deutschland","status":"publish","type":"page","link":"https:\/\/ralph-braun.com\/?page_id=43","title":{"rendered":"Musikalischer Kulturaustausch: Coburg &#8211; Portugal &#8211; Brasilien"},"content":{"rendered":"<\/p>\n<p><a href=\"https:\/\/ralph-braun.com\/wp-content\/uploads\/2012\/08\/Kulturaustausch-Port-Deuts-Brasi.jpg\"><img loading=\"lazy\" decoding=\"async\" src=\"https:\/\/ralph-braun.com\/wp-content\/uploads\/2012\/08\/Kulturaustausch-Port-Deuts-Brasi-261x300.jpg\" alt=\"\" title=\"Kulturaustausch Port Deuts Brasi\" width=\"261\" height=\"300\" class=\"alignleft size-medium wp-image-8429\" srcset=\"https:\/\/ralph-braun.com\/wp-content\/uploads\/2012\/08\/Kulturaustausch-Port-Deuts-Brasi-261x300.jpg 261w, https:\/\/ralph-braun.com\/wp-content\/uploads\/2012\/08\/Kulturaustausch-Port-Deuts-Brasi-892x1024.jpg 892w\" sizes=\"auto, (max-width: 261px) 100vw, 261px\" \/><\/a><BR><\/p>\n<p><BR\/><a href=\"https:\/\/ralph-braun.com\/wp-content\/uploads\/2011\/06\/kulturaustausch.pdf\"><strong>Begleitheft<\/strong><\/a><\/p>\n<p><a href=\"https:\/\/ralph-braun.com\/?page_id=46\"><strong>Gru\u00dfworte &#8211; Botschaften von Portugal und Brasilien in Berlin<\/strong><\/a><\/p>\n<p>Fasznierendes Beziehungsgeflecht der Johann Strau\u00df-Operette <strong>&#8222;<a href=\"https:\/\/ralph-braun.com\/wp-content\/uploads\/2011\/06\/programmheft_spitzentuch.pdf\"><em>Das Spitzentuch der K\u00f6nigin<\/em><\/a>&#8222;<\/strong> von Wien \u00fcber Coburg nach Portugal und Brasilien<\/p>\n","protected":false},"excerpt":{"rendered":"<p>Begleitheft Gru\u00dfworte &#8211; Botschaften von Portugal und Brasilien in Berlin Fasznierendes Beziehungsgeflecht der Johann Strau\u00df-Operette &#8222;Das Spitzentuch der K\u00f6nigin&#8222; von Wien \u00fcber Coburg nach Portugal und Brasilien<\/p>\n","protected":false},"author":1,"featured_media":0,"parent":25,"menu_order":0,"comment_status":"closed","ping_status":"open","template":"","meta":{"footnotes":""},"class_list":["post-43","page","type-page","status-publish","hentry"],"_links":{"self":[{"href":"https:\/\/ralph-braun.com\/index.php?rest_route=\/wp\/v2\/pages\/43","targetHints":{"allow":["GET"]}}],"collection":[{"href":"https:\/\/ralph-braun.com\/index.php?rest_route=\/wp\/v2\/pages"}],"about":[{"href":"https:\/\/ralph-braun.com\/index.php?rest_route=\/wp\/v2\/types\/page"}],"author":[{"embeddable":true,"href":"https:\/\/ralph-braun.com\/index.php?rest_route=\/wp\/v2\/users\/1"}],"replies":[{"embeddable":true,"href":"https:\/\/ralph-braun.com\/index.php?rest_route=%2Fwp%2Fv2%2Fcomments&post=43"}],"version-history":[{"count":16,"href":"https:\/\/ralph-braun.com\/index.php?rest_route=\/wp\/v2\/pages\/43\/revisions"}],"predecessor-version":[{"id":8461,"href":"https:\/\/ralph-braun.com\/index.php?rest_route=\/wp\/v2\/pages\/43\/revisions\/8461"}],"up":[{"embeddable":true,"href":"https:\/\/ralph-braun.com\/index.php?rest_route=\/wp\/v2\/pages\/25"}],"wp:attachment":[{"href":"https:\/\/ralph-braun.com\/index.php?rest_route=%2Fwp%2Fv2%2Fmedia&parent=43"}],"curies":[{"name":"wp","href":"https:\/\/api.w.org\/{rel}","templated":true}]}}