{"id":50,"date":"2011-06-13T13:55:55","date_gmt":"2011-06-13T11:55:55","guid":{"rendered":"http:\/\/ralph-braun.com\/v2\/?page_id=50"},"modified":"2012-08-29T04:20:07","modified_gmt":"2012-08-29T02:20:07","slug":"roberto-colin-gesandter-der-brasilianischen-botschaft-in-berlin","status":"publish","type":"page","link":"https:\/\/ralph-braun.com\/?page_id=50","title":{"rendered":"Roberto Colin &#8211; Gesandter der Brasilianischen Botschaft in Berlin"},"content":{"rendered":"<\/p>\n<p>Sehr geehrter Herr Braun, sehr geehrter Herr Seidlmeier, sehr geehrte Teilnehmer der Veranstaltung,<\/p>\n<p>Ich bedauere es au\u00dferordentlich, heute nicht wie geplant in Coburg sein zu k\u00f6nnen. Ich m\u00f6chte die Veranstalter zu der Entscheidung begl\u00fcckw\u00fcnschen, ein wenig bekanntes Werk Johann Strauss&#8216; ins Programm zu nehmen, das die mystische Figur des portugiesischen K\u00f6nigs D. Sebasti\u00e3o in den Mittelpunkt stellt, dessen tragisches Schicksal weitreichende Folgen f\u00fcr die Geschichte Portugals und somit auch Brasiliens zeitigte.<\/p>\n<p>D. Sebasti\u00e3o ist einer der bekanntesten portugiesischen K\u00f6nige in Brasilien. Der historische Name Rio de Janeiros &#8222;S\u00e3o Sebasti\u00e3o do Rio de Janeiro&#8220; war eine Hommage an den portugiesischen Herrscher.<\/p>\n<p>Die Stadt Coburg erinnert in diesen Tagen an die Verbindungen zwischen den K\u00f6nigsh\u00e4usern Portugals und Brasiliens und dem Herzogtum Sachsen-Coburg und Gotha.<\/p>\n<p>In Coburg ist auch Prinzessin Leopoldina beigesetzt, die Tochter des letzten Kaisers Brasiliens, D. Pedro II. So ist die heutige Veranstaltung auch f\u00fcr uns Brasilianer von ganz besonderem Interesse, tr\u00e4gt sie doch zu einem modernen Kulturverst\u00e4ndnis bei.<\/p>\n<p>&nbsp;<\/p>\n<p>Ich w\u00fcnsche Ihnen gutes Gelingen und viel Freude an der Veranstaltung.<\/p>\n<p>Roberto Colin<br \/>\nGesandter der Brasilianischen Botschaft in Berlin<\/p>\n<p>&nbsp;<\/p>\n","protected":false},"excerpt":{"rendered":"<p>Sehr geehrter Herr Braun, sehr geehrter Herr Seidlmeier, sehr geehrte Teilnehmer der Veranstaltung, Ich bedauere es au\u00dferordentlich, heute nicht wie geplant in Coburg sein zu k\u00f6nnen. Ich m\u00f6chte die Veranstalter zu der Entscheidung begl\u00fcckw\u00fcnschen, ein wenig bekanntes Werk Johann Strauss&#8216; &hellip; <a href=\"https:\/\/ralph-braun.com\/?page_id=50\">Weiterlesen <span class=\"meta-nav\">&rarr;<\/span><\/a><\/p>\n","protected":false},"author":1,"featured_media":0,"parent":46,"menu_order":0,"comment_status":"closed","ping_status":"open","template":"","meta":{"footnotes":""},"class_list":["post-50","page","type-page","status-publish","hentry"],"_links":{"self":[{"href":"https:\/\/ralph-braun.com\/index.php?rest_route=\/wp\/v2\/pages\/50","targetHints":{"allow":["GET"]}}],"collection":[{"href":"https:\/\/ralph-braun.com\/index.php?rest_route=\/wp\/v2\/pages"}],"about":[{"href":"https:\/\/ralph-braun.com\/index.php?rest_route=\/wp\/v2\/types\/page"}],"author":[{"embeddable":true,"href":"https:\/\/ralph-braun.com\/index.php?rest_route=\/wp\/v2\/users\/1"}],"replies":[{"embeddable":true,"href":"https:\/\/ralph-braun.com\/index.php?rest_route=%2Fwp%2Fv2%2Fcomments&post=50"}],"version-history":[{"count":4,"href":"https:\/\/ralph-braun.com\/index.php?rest_route=\/wp\/v2\/pages\/50\/revisions"}],"predecessor-version":[{"id":68,"href":"https:\/\/ralph-braun.com\/index.php?rest_route=\/wp\/v2\/pages\/50\/revisions\/68"}],"up":[{"embeddable":true,"href":"https:\/\/ralph-braun.com\/index.php?rest_route=\/wp\/v2\/pages\/46"}],"wp:attachment":[{"href":"https:\/\/ralph-braun.com\/index.php?rest_route=%2Fwp%2Fv2%2Fmedia&parent=50"}],"curies":[{"name":"wp","href":"https:\/\/api.w.org\/{rel}","templated":true}]}}