{"id":9,"date":"2011-06-12T17:30:26","date_gmt":"2011-06-12T15:30:26","guid":{"rendered":"http:\/\/ralph-braun.com\/v2\/?page_id=9"},"modified":"2026-04-07T18:03:33","modified_gmt":"2026-04-07T16:03:33","slug":"uber-mich","status":"publish","type":"page","link":"https:\/\/ralph-braun.com\/?page_id=9","title":{"rendered":"\u00dcber mich"},"content":{"rendered":"\n<p><\/p>\n\n\n<table border=\"0\" width=\"442\">\n<tbody>\n<tr>\n<td valign=\"top\" width=\"93\"><span style=\"color: #000000;\">geb. 1953<\/span><\/td>\n<td valign=\"top\" width=\"339\"><span style=\"color: #000000;\">in Kiel Sohn eines Musikwissenschaftlers und Schulmusikerziehers (1952 Prom. \u00fcber Leo Kestenberg bei Friedrich Blume)<\/span><\/td>\n<\/tr>\n<tr>\n<td valign=\"top\"><span style=\"color: #000000;\">1968<\/span><\/td>\n<td valign=\"top\"><span style=\"color: #000000;\">Bundespreistr\u00e4ger Jugend musiziert Violoncello solo <\/span><\/td>\n<\/tr>\n<tr>\n<td valign=\"top\"><span style=\"color: #000000;\">1969 &#8211; 71<\/span><\/td>\n<td valign=\"top\"><span style=\"color: #000000;\">Gr\u00fcndungsmitglied im Bundesjugendorchester <\/span><\/td>\n<\/tr>\n<tr>\n<td valign=\"top\"><span style=\"color: #000000;\">1971<\/span><\/td>\n<td valign=\"top\"><span style=\"color: #000000;\">Abitur und Beginn des Studiums an der Staatlichen Hochschule f\u00fcr Musik und darstellende Kunst Hamburg beim Emanuel Feuermann &#8211; Sch\u00fcler und -Assistenten Professor Heinrich Sch\u00fcchner <\/span>\n<p><span style=\"color: #000000;\">Stipendiat der Oscar- und Vera Ritter-Stiftung<\/span><\/p>\n<\/td>\n<\/tr>\n<tr>\n<td valign=\"top\"><span style=\"color: #000000;\">1973<\/span><\/td>\n<td valign=\"top\"><span style=\"color: #000000;\">Aufnahme durch Herbert von Karajan in dessen Stiftung<\/span><\/td>\n<\/tr>\n<tr>\n<td valign=\"top\"><span style=\"color: #000000;\">1973 &#8211; 76<\/span><\/td>\n<td valign=\"top\"><span style=\"color: #000000;\">Bei den Berliner Philharmonikern als Stipendiat und Student der Herbert von Karajan-Stiftung In dieser Zeit Mitwirkung in zahlreichen Konzerten der Berliner Philharmoniker unter Karajan, B\u00f6hm, Giulini, Jochum, Kubelik, Mehta, Muti, Barenboim, Ozawa, Menuhin, Oistrach u. v. a. Diverse Tourneen (u.a. Salzburger Festspiele), Schallplatten- und Filmaufnahmen mit den Berliner Philharmonikern <\/span>\n<p><span style=\"color: #000000;\">Meisterkurs bei Gregor Piatigorsky<\/span><\/p>\n<\/td>\n<\/tr>\n<tr>\n<td valign=\"top\"><span style=\"color: #000000;\">1977 &#8211; 81<\/span><\/td>\n<td valign=\"top\"><span style=\"color: #000000;\">Fortsetzung des Studiums, solistische Auftritte, mehrj\u00e4hrige private Kammermusikverbindung mit Gy\u00f6rgy Ligeti<\/span><\/td>\n<\/tr>\n<tr>\n<td valign=\"top\"><span style=\"color: #000000;\">Seit 1981<\/span><\/td>\n<td valign=\"top\"><span style=\"color: #000000;\">Konzertmeister im Philharmonischen Orchester Landestheater Coburg Zahlreiche solistische Auftritte Intensive Studien von Musiktheatergeschichte, Theaterwissenschaft, Kunstgeschichte, Kulturgeschichte, Kulturmanagement Konzertveranstalter, u.a. seit 1994 Graf Waldersee-Konzerte in K\u00f6nigsberg\/Bay. Organisation, Programmgestaltung, Konzeption, Regie und Moderation verschiedener zentraler Veranstaltungen am Haus<\/span><br \/><span style=\"color: #000000;\"> Ferner diverse Vortr\u00e4ge und Ver\u00f6ffentlichungen<\/span><\/td>\n<\/tr>\n<tr>\n<td valign=\"top\"><span style=\"color: #000000;\">2004<\/span><\/td>\n<td valign=\"top\"><span style=\"color: #000000;\">Erfolgreiche deutsche Erstauff\u00fchrung: Johann Strauss Reformoperette \u201eSimplicius&#8220; Neufassung und Produktionsleitung Ralph Braun am Landestheater Coburg als Er\u00f6ffnungsproduktion des Europ\u00e4ischen Johann Strauss B\u00fchnenwerke Festival (EJSF) <\/span><\/td>\n<\/tr>\n<tr>\n<td valign=\"top\"><span style=\"color: #000000;\">2006<\/span><\/td>\n<td valign=\"top\"><span style=\"color: #000000;\">Gestaltung und Produktionsleitung der konzertanten Wiederauff\u00fchrung der Johann Strauss-Operette \u201eCervantes oder Das Spitzentuch der K\u00f6nigin&#8220; in von Ralph Braun erarbeitetem neuen Werkverst\u00e4ndnis und von ihm entwickelter neuartiger Moderation am Landestheater Coburg innerhalb des Coburger Johann Strauss Musik Festival 2006 und im Rahmen des Europ\u00e4ischen Johann Strauss B\u00fchnenwerke Festival <\/span>\n<p><span style=\"color: #000000;\">Wahl zum 1. Vorsitzenden der<\/span><br \/><span style=\"color: #000000;\"> Deutschen Johann Strauss Gesellschaft<\/span><\/p>\n<\/td>\n<\/tr>\n<tr>\n<td valign=\"top\"><span style=\"color: #000000;\">2007<\/span><\/td>\n<td valign=\"top\"><span style=\"color: #000000;\">Konzeption, Organisation und Moderationen: \u201eCoburg-Portugiesisch-Brasilianischer Kulturaustausch\u201c im Rahmen der W\u00fcrdigung \u201eZwanzig Jahre internationale Coburger Johann Strauss-Begegnungen\u201c durchgef\u00fchrt von der \u201eDeutschen Johann Strauss Gesellschaft\u201c in Zusammenarbeit mit dem \u201eLandestheater Coburg\u201c, dem \u201eStaatsarchiv Coburg\u201c, der \u201eDeutsch-Portugiesischen Gesellschaft e.V.\u201c und der \u201eStiftung Marion Ehrhardt Sintra\/Lissabon\u201c<\/span><\/td>\n<\/tr>\n<tr>\n<td valign=\"top\">\n<p><span style=\"color: #000000;\">2007-heute<\/span><\/p>\n<p>&nbsp;<\/p>\n<\/td>\n<td valign=\"top\">\n<p><span style=\"color: #000000;\">Forschungen zur NS-Musikpolitik und -Propaganda besonders auch bez\u00fcglich Johann Strauss\u00a0<\/span><\/p>\n<p>Aufsatz im Jahrbuch\u00a0 der Coburger Landesstiftung 2023 &#8222;Unr\u00fchmliche Rolle &#8211; Beitr\u00e4ge zu Coburg im Nationalsozialismus&#8220;: <a href=\"https:\/\/ralph-braun.com\/wp-content\/uploads\/2025\/01\/JB-2023_07_Beitrag-Braun.pdf\" target=\"_blank\" rel=\"noopener\">&#8222;Die Familie Johann und Adele Strauss, Coburg und die Folgen bis zum Neujahrskonzert der Wiener Philharmoniker&#8220;<\/a><\/p>\n<\/td>\n<\/tr>\n<\/tbody>\n<\/table>\n<p><span style=\"color: #000000;\">2017<\/span> <span style=\"color: #000000;\">mit Karajan-Forscher und Orientalist <a href=\"https:\/\/ralph-braun.com\/wp-content\/uploads\/2018\/04\/Riehle-Klaus-Vita.jpg\"><strong>Klaus Riehle<\/strong><\/a> gemeinsam erarbeitetes Buch <a href=\"https:\/\/www.amazon.de\/Herbert-von-Karajan-Forschungsergebnisse-NS-Vergangenheit\/dp\/3850523500\"><em><strong>\u201eHerbert von Karajan \/ Neueste Forschungsergebnisse zu seiner NS-Vergangenheit und der Fall Ute Heuser\u201c<\/strong><\/em><\/a> \u2013 hierin umfangreicher Epilog und Geleitwort <\/span>(<a href=\"http:\/\/www.ibera.at\/os\/\">ibera-Verlag Wien<\/a>)<\/p>","protected":false},"excerpt":{"rendered":"<p>geb. 1953 in Kiel Sohn eines Musikwissenschaftlers und Schulmusikerziehers (1952 Prom. \u00fcber Leo Kestenberg bei Friedrich Blume) 1968 Bundespreistr\u00e4ger Jugend musiziert Violoncello solo 1969 &#8211; 71 Gr\u00fcndungsmitglied im Bundesjugendorchester 1971 Abitur und Beginn des Studiums an der Staatlichen Hochschule f\u00fcr &hellip; <a href=\"https:\/\/ralph-braun.com\/?page_id=9\">Weiterlesen <span class=\"meta-nav\">&rarr;<\/span><\/a><\/p>\n","protected":false},"author":1,"featured_media":0,"parent":0,"menu_order":2,"comment_status":"closed","ping_status":"open","template":"","meta":{"footnotes":""},"class_list":["post-9","page","type-page","status-publish","hentry"],"_links":{"self":[{"href":"https:\/\/ralph-braun.com\/index.php?rest_route=\/wp\/v2\/pages\/9","targetHints":{"allow":["GET"]}}],"collection":[{"href":"https:\/\/ralph-braun.com\/index.php?rest_route=\/wp\/v2\/pages"}],"about":[{"href":"https:\/\/ralph-braun.com\/index.php?rest_route=\/wp\/v2\/types\/page"}],"author":[{"embeddable":true,"href":"https:\/\/ralph-braun.com\/index.php?rest_route=\/wp\/v2\/users\/1"}],"replies":[{"embeddable":true,"href":"https:\/\/ralph-braun.com\/index.php?rest_route=%2Fwp%2Fv2%2Fcomments&post=9"}],"version-history":[{"count":46,"href":"https:\/\/ralph-braun.com\/index.php?rest_route=\/wp\/v2\/pages\/9\/revisions"}],"predecessor-version":[{"id":23126,"href":"https:\/\/ralph-braun.com\/index.php?rest_route=\/wp\/v2\/pages\/9\/revisions\/23126"}],"wp:attachment":[{"href":"https:\/\/ralph-braun.com\/index.php?rest_route=%2Fwp%2Fv2%2Fmedia&parent=9"}],"curies":[{"name":"wp","href":"https:\/\/api.w.org\/{rel}","templated":true}]}}