{"id":97,"date":"2011-06-13T14:43:50","date_gmt":"2011-06-13T12:43:50","guid":{"rendered":"http:\/\/ralph-braun.com\/v2\/?page_id=97"},"modified":"2018-05-25T11:57:58","modified_gmt":"2018-05-25T09:57:58","slug":"neudeutung-und-neufassung-und-auffuhrung-der-johann-strauss-operette-cervantes-oder-das-spitzentuch-der-konigin","status":"publish","type":"page","link":"https:\/\/ralph-braun.com\/?page_id=97","title":{"rendered":"Neudeutung und Neufassung und Auff\u00fchrung der Johann Strauss Operette &#8222;Cervantes oder Das Spitzentuch der K\u00f6nigin&#8220; im Rahmen des &#8222;Coburger Johann Strauss Musikfestival 2006&#8220;"},"content":{"rendered":"<p><span style=\"line-height: 24px;\"><a href=\"https:\/\/ralph-braun.com\/wp-content\/uploads\/2011\/06\/programmheft_spitzentuch.pdf\">Programmheft <em>Cervantes oder Das Spitzentuch der K\u00f6nigin<\/em><\/a><br \/>\n<\/span><\/span><\/p>\n<p>Programm <a href=\"https:\/\/ralph-braun.com\/wp-content\/uploads\/2011\/06\/strauss_musikfestival_2006.pdf\"><em>Coburger Johann Strauss Musikfestival 2006<\/em><\/a><\/p>\n<p><a href=\"https:\/\/ralph-braun.com\/?page_id=102\">Besprechungen der Auff\u00fchrung<\/a><\/p>\n<p>Opernfachzeitschrift<em> Orpheus<\/em>:<br \/>\n<a href=\"https:\/\/ralph-braun.com\/wp-content\/uploads\/2018\/05\/Erotische-Politik-Satire-Sitznetuch-Orpheus-7-8-2009.pdf\"><em>Zur Neuaufnahme bei cpo &#8211; Das Spitzentuch der K\u00f6nigin &#8211; Erotische Politik-Satire aus Wien<\/em> Juli\/August 2009<\/a><\/p>\n<p><a href=\"https:\/\/ralph-braun.com\/\">zur\u00fcck zur Startseite<\/a><\/p>\n","protected":false},"excerpt":{"rendered":"<p>Programmheft Cervantes oder Das Spitzentuch der K\u00f6nigin Programm Coburger Johann Strauss Musikfestival 2006 Besprechungen der Auff\u00fchrung Opernfachzeitschrift Orpheus: Zur Neuaufnahme bei cpo &#8211; Das Spitzentuch der K\u00f6nigin &#8211; Erotische Politik-Satire aus Wien Juli\/August 2009 zur\u00fcck zur Startseite<\/p>\n","protected":false},"author":1,"featured_media":0,"parent":25,"menu_order":0,"comment_status":"closed","ping_status":"open","template":"","meta":{"footnotes":""},"class_list":["post-97","page","type-page","status-publish","hentry"],"_links":{"self":[{"href":"https:\/\/ralph-braun.com\/index.php?rest_route=\/wp\/v2\/pages\/97","targetHints":{"allow":["GET"]}}],"collection":[{"href":"https:\/\/ralph-braun.com\/index.php?rest_route=\/wp\/v2\/pages"}],"about":[{"href":"https:\/\/ralph-braun.com\/index.php?rest_route=\/wp\/v2\/types\/page"}],"author":[{"embeddable":true,"href":"https:\/\/ralph-braun.com\/index.php?rest_route=\/wp\/v2\/users\/1"}],"replies":[{"embeddable":true,"href":"https:\/\/ralph-braun.com\/index.php?rest_route=%2Fwp%2Fv2%2Fcomments&post=97"}],"version-history":[{"count":16,"href":"https:\/\/ralph-braun.com\/index.php?rest_route=\/wp\/v2\/pages\/97\/revisions"}],"predecessor-version":[{"id":21199,"href":"https:\/\/ralph-braun.com\/index.php?rest_route=\/wp\/v2\/pages\/97\/revisions\/21199"}],"up":[{"embeddable":true,"href":"https:\/\/ralph-braun.com\/index.php?rest_route=\/wp\/v2\/pages\/25"}],"wp:attachment":[{"href":"https:\/\/ralph-braun.com\/index.php?rest_route=%2Fwp%2Fv2%2Fmedia&parent=97"}],"curies":[{"name":"wp","href":"https:\/\/api.w.org\/{rel}","templated":true}]}}